{"id":438,"date":"2021-09-12T21:13:18","date_gmt":"2021-09-12T19:13:18","guid":{"rendered":"https:\/\/eintracht-walheim.de\/?page_id=438"},"modified":"2026-04-07T21:40:10","modified_gmt":"2026-04-07T19:40:10","slug":"nachwuchs","status":"publish","type":"page","link":"https:\/\/eintracht-walheim.de\/?page_id=438","title":{"rendered":"Nachwuchs"},"content":{"rendered":"\n<hr class=\"wp-block-separator has-css-opacity\"\/>\n\n\n\n<figure class=\"wp-block-image size-large is-resized\"><img loading=\"lazy\" decoding=\"async\" width=\"1024\" height=\"1024\" src=\"https:\/\/eintracht-walheim.de\/wp-content\/uploads\/2026\/01\/1000024833-1-1024x1024.png\" alt=\"\" class=\"wp-image-1865\" style=\"width:581px;height:auto\" srcset=\"https:\/\/eintracht-walheim.de\/wp-content\/uploads\/2026\/01\/1000024833-1-1024x1024.png 1024w, https:\/\/eintracht-walheim.de\/wp-content\/uploads\/2026\/01\/1000024833-1-300x300.png 300w, https:\/\/eintracht-walheim.de\/wp-content\/uploads\/2026\/01\/1000024833-1-150x150.png 150w, https:\/\/eintracht-walheim.de\/wp-content\/uploads\/2026\/01\/1000024833-1-768x768.png 768w, https:\/\/eintracht-walheim.de\/wp-content\/uploads\/2026\/01\/1000024833-1-270x270.png 270w, https:\/\/eintracht-walheim.de\/wp-content\/uploads\/2026\/01\/1000024833-1.png 1080w\" sizes=\"auto, (max-width: 1024px) 100vw, 1024px\" \/><\/figure>\n\n\n\n<figure class=\"wp-block-image size-large\"><img loading=\"lazy\" decoding=\"async\" width=\"1024\" height=\"1024\" src=\"https:\/\/eintracht-walheim.de\/wp-content\/uploads\/2026\/01\/1000025861-1-1024x1024.png\" alt=\"\" class=\"wp-image-1866\" srcset=\"https:\/\/eintracht-walheim.de\/wp-content\/uploads\/2026\/01\/1000025861-1-1024x1024.png 1024w, https:\/\/eintracht-walheim.de\/wp-content\/uploads\/2026\/01\/1000025861-1-300x300.png 300w, https:\/\/eintracht-walheim.de\/wp-content\/uploads\/2026\/01\/1000025861-1-150x150.png 150w, https:\/\/eintracht-walheim.de\/wp-content\/uploads\/2026\/01\/1000025861-1-768x768.png 768w, https:\/\/eintracht-walheim.de\/wp-content\/uploads\/2026\/01\/1000025861-1-270x270.png 270w, https:\/\/eintracht-walheim.de\/wp-content\/uploads\/2026\/01\/1000025861-1.png 1080w\" sizes=\"auto, (max-width: 1024px) 100vw, 1024px\" \/><\/figure>\n\n\n\n<p>Entwicklung eines jungen Ringers&#8230;<\/p>\n\n\n\n<p>Ab dem 5. \/ 6. Lebensjahr k\u00f6nnen Kinder bei uns am Nachwuchstraining teilnehmen. Allgemeine sportliche \u00dcbungen und Bewegungsabl\u00e4ufe zur Schulung der Koordinationsf\u00e4higkeiten der jungen Menschen stehen dabei im Vordergrund. Hinzu kommen Dehnungs\u00fcbungen sowie Ball- und Kampfspiele. Im Rahmen des altersgerechten und vielseitigen Sportprogrammes werden grundlegende einfache Techniken erlernt.<\/p>\n\n\n\n<p>Mit dem 10. Lebensjahr kommen verst\u00e4rkt ringerische Elemente hinzu. Das Grundlagentraining wird weiter ausgebaut. Durch die Vielseitigkeit der Trainingsinhalte wird der k\u00f6rperlichen Entwicklung der jungen Menschen Rechnung getragen. Durch die verst\u00e4rkte Teilnahme an Turnieren und Vergleichs-Wettk\u00e4mpfen gemeinsam mit anderen Nachwuchssportlern des Vereins werden soziale Werte und Teamf\u00e4higkeit vermittelt.<\/p>\n\n\n\n<p>Mit Erreichen des 14. Lebensjahres d\u00fcrfen die Jugendlichen an Mannschaftsk\u00e4mpfen teilnehmen. Ab diesem Zeitpunkt nimmt der Nachwuchs in aller Regel am Erwachsenen-Training teil, wobei der \u00dcbergang flie\u00dfend ist und vom Entwicklungsstand abh\u00e4ngig ist. Der Trainingsumfang und die Leistungsanforderungen steigen. Der weitere Ausbau der koordinativen F\u00e4higkeiten, der Bewegungsschnelligkeit und der technischen Fertigkeiten ist Schwerpunkt der Trainingsstunden.<\/p>\n\n\n\n<p>Gleichzeitig messen wir der sozialen Entwicklung und dem schulischen Leistungsstand besondere Bedeutung bei.<\/p>\n\n\n\n<p>Mit zunehmenden ringerischen F\u00e4higkeiten erhalten leistungsstarke und talentierte Sportler die M\u00f6glichkeit an Landes- und Bundeskader-Trainingseinheiten und \u2013 lehrg\u00e4ngen teilzunehmen.<\/p>\n\n\n\n<p>Wir begr\u00fc\u00dfen es, wenn Eltern dem Nachwuchstraining beiwohnen und\/oder sich als Betreuungsperson oder Co-Trainer engagieren.<\/p>\n\n\n\n<p>Neben den sportlichen Aspekten organisieren wir ein-\/zweimal im Jahr einen Jugendausflu.<\/p>\n\n\n\n<h3 class=\"wp-block-heading\">10 Gr\u00fcnde, warum Ihr Kind auf die Matte gehen sollte\u2026<\/h3>\n\n\n\n<p>1. K\u00f6rperbeherrschung<\/p>\n\n\n\n<p>Durch verschiedene Kraft- und Gleichgewichts\u00fcbungen sowie durch das Techniktraining lernen Kinder ihren K\u00f6rper kennen und auch, ihn zu beherrschen.<\/p>\n\n\n\n<p>2. Fairness<\/p>\n\n\n\n<p>Wie bei vielen Sportarten ist auch beim Ringen die Fairness ein wichtiger Bestandteil des Trainings und der Wettk\u00e4mpfe: Auch ein festes Regelwerk mit klaren Grenzen tr\u00e4gt zur Ausbildung des Fairnessgedankens bei.<\/p>\n\n\n\n<p>3. Werte<\/p>\n\n\n\n<p>Unser Sport vermittelt Kindern im t\u00e4glichen Training Werte wie Teamgeist, Respekt, Ehrgeiz, Toleranz und R\u00fccksichtnahme.<\/p>\n\n\n\n<p>4. Gesundheit und Fitness<\/p>\n\n\n\n<p>Ringen strengt an \u2013 und das ist gut so. Beim Ringkampf werden praktisch alle Muskelgruppen trainiert \u2013 Ergebnisse sind eine stabile Muskulatur und effektive Verbrennungsprozesse. Ein regelm\u00e4\u00dfiges Training ist au\u00dferdem nicht nur gut f\u00fcr den K\u00f6rper, sondern auch f\u00fcr den Geist.<\/p>\n\n\n\n<p>5. Eigene Grenzen<\/p>\n\n\n\n<p>Durch Trainingsk\u00e4mpfe erkennen junge Sportler oft ihre eigenen Grenzen. Sie lernen aber ebenfalls, die eines anderen einzusch\u00e4tzen und nicht zu \u00fcberschreiten.<\/p>\n\n\n\n<p>6. Sozialisierung und Teamgeist<\/p>\n\n\n\n<p>Ringen ist kein Einzelsport. Im gemeinsamen Training kommen Sportler aus allen Bereichen zusammen. Wir unterst\u00fctzen uns bei Erfolgen und auch Misserfolgen, zum Beispiel bei Mannschaftsk\u00e4mpfen. Ringer sind Gegner und Freunde gleicherma\u00dfen, auf und neben der Matte.<\/p>\n\n\n\n<p>7. Disziplin<\/p>\n\n\n\n<p>Erfolg kommt nicht von ganz alleine. Auch beim Kampf gegen die Waage lernen Ringer Selbstbeherrschung. Bei der Wiederholung von \u00dcbungen und dem Ausdauertraining kommt die Pr\u00e4zision hinzu.<\/p>\n\n\n\n<p>8. Selbstvertrauen<\/p>\n\n\n\n<p>Seinen eigenen K\u00f6rper und Geist zu kennen sowie zu trainieren st\u00e4rkt das Selbstbewusstsein und gibt Selbstsicherheit. Aus Nachwuchsringern werden Pers\u00f6nlichkeiten.<\/p>\n\n\n\n<p>9. Regeln &amp; Normen einhalten<\/p>\n\n\n\n<p>Wenn einer auf den Schultern liegt, ist der Kampf beendet. Regeln und Normen setzen klare Grenzen \u2013 der Ringkampf geht nicht nur bei Wettk\u00e4mpfen Regeln nach, auch im Training lernen Kinder, den Hinweisen ihrer Trainer zu folgen.<\/p>\n\n\n\n<p>10. Spa\u00df<\/p>\n\n\n\n<p>Bewegung, Spiel und Sport sind Teil der kindlichen Welt. Diesem nat\u00fcrlichen Bewegungsdrang k\u00f6nnen sie im Training auch auf spielerische Art nachgehen. Sport macht Spa\u00df. Ring frei!<\/p>\n\n\n\n<h3 class=\"wp-block-heading\">Ansprechpartner<\/h3>\n\n\n\n<p>Helmut Otto<\/p>\n\n\n\n<p>Jugendleiter &#8211; 0177 \/ 38 47 599<\/p>\n\n\n\n<p>Klaus Sailer<\/p>\n\n\n\n<p>stv. Jugendleiter &#8211; 0151 \/ 1246 1090<\/p>\n\n\n\n<p>Bitte bringt zum Probetraining einmalig die Geb\u00fchr von 10\u20ac in bar und das folgende Formular mit:<\/p>\n\n\n\n<div data-wp-interactive=\"core\/file\" class=\"wp-block-file\"><object data-wp-bind--hidden=\"!state.hasPdfPreview\" hidden class=\"wp-block-file__embed\" data=\"https:\/\/eintracht-walheim.de\/wp-content\/uploads\/2026\/04\/Probetraining-Formular-pdf-2.pdf\" type=\"application\/pdf\" style=\"width:100%;height:600px\" aria-label=\"Einbettung von &lt;strong&gt;Probetraining-Formular-pdf&lt;\/strong&gt;.\"><\/object><a id=\"wp-block-file--media-dca4d1f3-53ce-4beb-9c82-024526b15c1b\" href=\"https:\/\/eintracht-walheim.de\/wp-content\/uploads\/2026\/04\/Probetraining-Formular-pdf-2.pdf\"><strong>Probetraining-Formular-pdf<\/strong><\/a><a href=\"https:\/\/eintracht-walheim.de\/wp-content\/uploads\/2026\/04\/Probetraining-Formular-pdf-2.pdf\" class=\"wp-block-file__button wp-element-button\" download aria-describedby=\"wp-block-file--media-dca4d1f3-53ce-4beb-9c82-024526b15c1b\">Herunterladen<\/a><\/div>\n","protected":false},"excerpt":{"rendered":"<p>Entwicklung eines jungen Ringers&#8230; Ab dem 5. \/ 6. Lebensjahr k\u00f6nnen Kinder bei uns am Nachwuchstraining teilnehmen. Allgemeine sportliche \u00dcbungen und Bewegungsabl\u00e4ufe zur Schulung der Koordinationsf\u00e4higkeiten der jungen Menschen stehen dabei im Vordergrund. Hinzu kommen Dehnungs\u00fcbungen sowie Ball- und Kampfspiele. Im Rahmen des altersgerechten und vielseitigen Sportprogrammes werden grundlegende einfache Techniken erlernt. Mit dem 10. Lebensjahr kommen verst\u00e4rkt ringerische Elemente hinzu. Das Grundlagentraining wird weiter ausgebaut. Durch die Vielseitigkeit der Trainingsinhalte wird der k\u00f6rperlichen Entwicklung der jungen Menschen Rechnung getragen&#8230;.<\/p>\n<p class=\"read-more\"><a class=\"btn btn-default\" href=\"https:\/\/eintracht-walheim.de\/?page_id=438\">Weiterlesen<span class=\"screen-reader-text\"> Weiterlesen<\/span><\/a><\/p>\n","protected":false},"author":1,"featured_media":0,"parent":0,"menu_order":0,"comment_status":"closed","ping_status":"closed","template":"","meta":{"footnotes":""},"class_list":["post-438","page","type-page","status-publish","hentry"],"_links":{"self":[{"href":"https:\/\/eintracht-walheim.de\/index.php?rest_route=\/wp\/v2\/pages\/438","targetHints":{"allow":["GET"]}}],"collection":[{"href":"https:\/\/eintracht-walheim.de\/index.php?rest_route=\/wp\/v2\/pages"}],"about":[{"href":"https:\/\/eintracht-walheim.de\/index.php?rest_route=\/wp\/v2\/types\/page"}],"author":[{"embeddable":true,"href":"https:\/\/eintracht-walheim.de\/index.php?rest_route=\/wp\/v2\/users\/1"}],"replies":[{"embeddable":true,"href":"https:\/\/eintracht-walheim.de\/index.php?rest_route=%2Fwp%2Fv2%2Fcomments&post=438"}],"version-history":[{"count":8,"href":"https:\/\/eintracht-walheim.de\/index.php?rest_route=\/wp\/v2\/pages\/438\/revisions"}],"predecessor-version":[{"id":1931,"href":"https:\/\/eintracht-walheim.de\/index.php?rest_route=\/wp\/v2\/pages\/438\/revisions\/1931"}],"wp:attachment":[{"href":"https:\/\/eintracht-walheim.de\/index.php?rest_route=%2Fwp%2Fv2%2Fmedia&parent=438"}],"curies":[{"name":"wp","href":"https:\/\/api.w.org\/{rel}","templated":true}]}}