{"id":390,"date":"2021-09-12T13:46:46","date_gmt":"2021-09-12T11:46:46","guid":{"rendered":"https:\/\/eintracht-walheim.de\/?page_id=390"},"modified":"2021-09-12T13:48:21","modified_gmt":"2021-09-12T11:48:21","slug":"spenden","status":"publish","type":"page","link":"https:\/\/eintracht-walheim.de\/?page_id=390","title":{"rendered":"Spenden"},"content":{"rendered":"\n<p class=\"has-text-align-center\">Als Privatmann k\u00f6nnen Sie dem Verein eine freiwillige Zuwendung \u2013 im allgemeinen Sprachgebrauch Spende \u2013 in beliebiger H\u00f6he zukommen lassen.<\/p>\n\n\n\n<p class=\"has-text-align-center\">Es wird zwischen Geld- und Sachspenden unterschieden. Voraussetzung einer Spende ist, dass die Zuwendung freiwillig und ohne Gegenleistung erfolgt und ausschlie\u00dflich f\u00fcr gemeinn\u00fctzige, mildt\u00e4tige oder kirchliche Zwecke verwendet wird.<\/p>\n\n\n\n<p class=\"has-text-align-center\">Aufgrund unserer Satzung sind wir als gemeinn\u00fctziger Verein dazu berechtigt, dem Spender eine sog. Spendenbescheinigung auszustellen.<\/p>\n\n\n\n<p class=\"has-text-align-center\">Zuwendungen stellen eine seri\u00f6se und wichtige Einnahmequelle f\u00fcr uns dar. Weil die Spende von Ihnen steuermindernd geltend gemacht werden kann, ist sie f\u00fcr Sie als Spender besonders interessant.<\/p>\n\n\n\n<p class=\"has-text-align-center\"><a href=\"mailto:1.Vorsitzender@eintracht-walheim.de\">Sprechen Sie uns an!<\/a><\/p>\n\n\n\n<p><\/p>\n\n\n\n<h3 class=\"has-text-align-center wp-block-heading\">Unser Spendenkonto<\/h3>\n\n\n\n<p class=\"has-text-align-center\">Sparkasse Aachen<\/p>\n\n\n\n<p class=\"has-text-align-center\">IBAN DE 46 3905 0000 0003 4628 50<\/p>\n\n\n\n<p class=\"has-text-align-center\">BIC AACSDE33XXX<\/p>\n","protected":false},"excerpt":{"rendered":"<p>Als Privatmann k\u00f6nnen Sie dem Verein eine freiwillige Zuwendung \u2013 im allgemeinen Sprachgebrauch Spende \u2013 in beliebiger H\u00f6he zukommen lassen. Es wird zwischen Geld- und Sachspenden unterschieden. Voraussetzung einer Spende ist, dass die Zuwendung freiwillig und ohne Gegenleistung erfolgt und ausschlie\u00dflich f\u00fcr gemeinn\u00fctzige, mildt\u00e4tige oder kirchliche Zwecke verwendet wird. Aufgrund unserer Satzung sind wir als gemeinn\u00fctziger Verein dazu berechtigt, dem Spender eine sog. Spendenbescheinigung auszustellen. Zuwendungen stellen eine seri\u00f6se und wichtige Einnahmequelle f\u00fcr uns dar. Weil die Spende von Ihnen&#8230;<\/p>\n<p class=\"read-more\"><a class=\"btn btn-default\" href=\"https:\/\/eintracht-walheim.de\/?page_id=390\">Weiterlesen<span class=\"screen-reader-text\"> Weiterlesen<\/span><\/a><\/p>\n","protected":false},"author":1,"featured_media":0,"parent":0,"menu_order":0,"comment_status":"closed","ping_status":"closed","template":"","meta":{"footnotes":""},"class_list":["post-390","page","type-page","status-publish","hentry"],"_links":{"self":[{"href":"https:\/\/eintracht-walheim.de\/index.php?rest_route=\/wp\/v2\/pages\/390","targetHints":{"allow":["GET"]}}],"collection":[{"href":"https:\/\/eintracht-walheim.de\/index.php?rest_route=\/wp\/v2\/pages"}],"about":[{"href":"https:\/\/eintracht-walheim.de\/index.php?rest_route=\/wp\/v2\/types\/page"}],"author":[{"embeddable":true,"href":"https:\/\/eintracht-walheim.de\/index.php?rest_route=\/wp\/v2\/users\/1"}],"replies":[{"embeddable":true,"href":"https:\/\/eintracht-walheim.de\/index.php?rest_route=%2Fwp%2Fv2%2Fcomments&post=390"}],"version-history":[{"count":3,"href":"https:\/\/eintracht-walheim.de\/index.php?rest_route=\/wp\/v2\/pages\/390\/revisions"}],"predecessor-version":[{"id":398,"href":"https:\/\/eintracht-walheim.de\/index.php?rest_route=\/wp\/v2\/pages\/390\/revisions\/398"}],"wp:attachment":[{"href":"https:\/\/eintracht-walheim.de\/index.php?rest_route=%2Fwp%2Fv2%2Fmedia&parent=390"}],"curies":[{"name":"wp","href":"https:\/\/api.w.org\/{rel}","templated":true}]}}