{"id":340,"date":"2021-09-12T10:53:20","date_gmt":"2021-09-12T08:53:20","guid":{"rendered":"https:\/\/eintracht-walheim.de\/?page_id=340"},"modified":"2021-09-12T11:08:56","modified_gmt":"2021-09-12T09:08:56","slug":"kontakt","status":"publish","type":"page","link":"https:\/\/eintracht-walheim.de\/?page_id=340","title":{"rendered":"Kontakt"},"content":{"rendered":"\n<p class=\"has-text-align-center\">Wettkampfst\u00e4tte:<\/p>\n\n\n\n<p class=\"has-text-align-center\">Sporthalle Inda-Gymnasium<\/p>\n\n\n\n<p class=\"has-text-align-center\">Romerich<\/p>\n\n\n\n<p class=\"has-text-align-center\">52076 Aachen-Kornelim\u00fcnster<\/p>\n\n\n\n<p><\/p>\n\n\n\n<hr class=\"wp-block-separator\"\/>\n\n\n\n<p class=\"has-text-align-center\">Trainingsst\u00e4tte:<\/p>\n\n\n\n<p class=\"has-text-align-center\">Sporthalle Grundschule Walheim<\/p>\n\n\n\n<p class=\"has-text-align-center\">Kirchberg 14<\/p>\n\n\n\n<p class=\"has-text-align-center\">52076 Aachen-Walheim<\/p>\n","protected":false},"excerpt":{"rendered":"<p>Wettkampfst\u00e4tte: Sporthalle Inda-Gymnasium Romerich 52076 Aachen-Kornelim\u00fcnster Trainingsst\u00e4tte: Sporthalle Grundschule Walheim Kirchberg 14 52076 Aachen-Walheim<\/p>\n","protected":false},"author":1,"featured_media":0,"parent":0,"menu_order":0,"comment_status":"closed","ping_status":"closed","template":"","meta":{"footnotes":""},"class_list":["post-340","page","type-page","status-publish","hentry"],"_links":{"self":[{"href":"https:\/\/eintracht-walheim.de\/index.php?rest_route=\/wp\/v2\/pages\/340","targetHints":{"allow":["GET"]}}],"collection":[{"href":"https:\/\/eintracht-walheim.de\/index.php?rest_route=\/wp\/v2\/pages"}],"about":[{"href":"https:\/\/eintracht-walheim.de\/index.php?rest_route=\/wp\/v2\/types\/page"}],"author":[{"embeddable":true,"href":"https:\/\/eintracht-walheim.de\/index.php?rest_route=\/wp\/v2\/users\/1"}],"replies":[{"embeddable":true,"href":"https:\/\/eintracht-walheim.de\/index.php?rest_route=%2Fwp%2Fv2%2Fcomments&post=340"}],"version-history":[{"count":3,"href":"https:\/\/eintracht-walheim.de\/index.php?rest_route=\/wp\/v2\/pages\/340\/revisions"}],"predecessor-version":[{"id":344,"href":"https:\/\/eintracht-walheim.de\/index.php?rest_route=\/wp\/v2\/pages\/340\/revisions\/344"}],"wp:attachment":[{"href":"https:\/\/eintracht-walheim.de\/index.php?rest_route=%2Fwp%2Fv2%2Fmedia&parent=340"}],"curies":[{"name":"wp","href":"https:\/\/api.w.org\/{rel}","templated":true}]}}