{"id":309,"date":"2021-09-11T23:36:50","date_gmt":"2021-09-11T21:36:50","guid":{"rendered":"https:\/\/eintracht-walheim.de\/?page_id=309"},"modified":"2022-11-09T22:44:40","modified_gmt":"2022-11-09T21:44:40","slug":"impressum","status":"publish","type":"page","link":"https:\/\/eintracht-walheim.de\/?page_id=309","title":{"rendered":"Impressum"},"content":{"rendered":"\n<p>TV Eintracht 1909 Aachen-Walheim e.V.<\/p>\n\n\n\n<p>Frennetstra\u00dfe 59<\/p>\n\n\n\n<p>52076 Aachen<\/p>\n\n\n\n<p><a href=\"mailto:info@eintracht-walheim.de\">info@eintracht-walheim.de<\/a><\/p>\n\n\n\n<hr class=\"wp-block-separator has-css-opacity\"\/>\n\n\n\n<p>Vertretungsberechtigter Vorstand:<\/p>\n\n\n\n<p>Engelbert Heck (1. Vorsitzender)<\/p>\n\n\n\n<p>Yaschar Jamali (Gesch\u00e4ftsf\u00fchrer)<\/p>\n\n\n\n<p>Vereinsregister: Amtsgericht Aachen \u2013 VR 2140<\/p>\n\n\n\n<hr class=\"wp-block-separator has-css-opacity\"\/>\n\n\n\n<p>Verantwortlicher gem\u00e4\u00df \u00a7 6 MDStV:<\/p>\n\n\n\n<p>TV Eintracht 1909 Aachen-Walheim e. V.<\/p>\n\n\n\n<hr class=\"wp-block-separator has-css-opacity\"\/>\n\n\n\n<p>Haftungshinweis:<\/p>\n\n\n\n<p>Trotz sorgf\u00e4ltiger inhaltlicher Kontrolle \u00fcbernehmen wir keine Haftung f\u00fcr die Inhalte externer Links.<\/p>\n\n\n\n<p>F\u00fcr den Inhalt der verlinkten Seiten sind ausschlie\u00dflich deren Betreiber verantwortlich.<\/p>\n","protected":false},"excerpt":{"rendered":"<p>TV Eintracht 1909 Aachen-Walheim e.V. Frennetstra\u00dfe 59 52076 Aachen info@eintracht-walheim.de Vertretungsberechtigter Vorstand: Engelbert Heck (1. Vorsitzender) Yaschar Jamali (Gesch\u00e4ftsf\u00fchrer) Vereinsregister: Amtsgericht Aachen \u2013 VR 2140 Verantwortlicher gem\u00e4\u00df \u00a7 6 MDStV: TV Eintracht 1909 Aachen-Walheim e. V. Haftungshinweis: Trotz sorgf\u00e4ltiger inhaltlicher Kontrolle \u00fcbernehmen wir keine Haftung f\u00fcr die Inhalte externer Links. F\u00fcr den Inhalt der verlinkten Seiten sind ausschlie\u00dflich deren Betreiber verantwortlich.<\/p>\n","protected":false},"author":1,"featured_media":0,"parent":0,"menu_order":0,"comment_status":"closed","ping_status":"closed","template":"","meta":{"footnotes":""},"class_list":["post-309","page","type-page","status-publish","hentry"],"_links":{"self":[{"href":"https:\/\/eintracht-walheim.de\/index.php?rest_route=\/wp\/v2\/pages\/309","targetHints":{"allow":["GET"]}}],"collection":[{"href":"https:\/\/eintracht-walheim.de\/index.php?rest_route=\/wp\/v2\/pages"}],"about":[{"href":"https:\/\/eintracht-walheim.de\/index.php?rest_route=\/wp\/v2\/types\/page"}],"author":[{"embeddable":true,"href":"https:\/\/eintracht-walheim.de\/index.php?rest_route=\/wp\/v2\/users\/1"}],"replies":[{"embeddable":true,"href":"https:\/\/eintracht-walheim.de\/index.php?rest_route=%2Fwp%2Fv2%2Fcomments&post=309"}],"version-history":[{"count":2,"href":"https:\/\/eintracht-walheim.de\/index.php?rest_route=\/wp\/v2\/pages\/309\/revisions"}],"predecessor-version":[{"id":852,"href":"https:\/\/eintracht-walheim.de\/index.php?rest_route=\/wp\/v2\/pages\/309\/revisions\/852"}],"wp:attachment":[{"href":"https:\/\/eintracht-walheim.de\/index.php?rest_route=%2Fwp%2Fv2%2Fmedia&parent=309"}],"curies":[{"name":"wp","href":"https:\/\/api.w.org\/{rel}","templated":true}]}}