{"id":237,"date":"2021-09-11T20:15:26","date_gmt":"2021-09-11T18:15:26","guid":{"rendered":"https:\/\/eintracht-walheim.de\/?page_id=237"},"modified":"2021-09-12T13:51:55","modified_gmt":"2021-09-12T11:51:55","slug":"test","status":"publish","type":"page","link":"https:\/\/eintracht-walheim.de\/?page_id=237","title":{"rendered":"Sponsoring"},"content":{"rendered":"\n<p class=\"has-text-align-center\">Sport steht f\u00fcr Emotionen und ber\u00fchrt Menschen weltweit. Diese emotionalen Momente bleiben in den K\u00f6pfen der Menschen und schaffen Erinnerungen. F\u00fcr Marken ist dies ein ideales Umfeld, denn die Emotionalit\u00e4t f\u00e4rbt auf die Marke ab, der sogenannte Imagetransfer.<\/p>\n\n\n\n<p class=\"has-text-align-center\">Neben konventionellen Sponsoring-Ma\u00dfnahmen bieten wir auch verst\u00e4rkt Online-Werbedienste an.<\/p>\n\n\n\n<p class=\"has-text-align-center\">Aus einem umfangreichen Sortiment k\u00f6nne wir Ihnen ein individuelles auf Ihre Bed\u00fcrfnisse abgestimmtes Paket zusammenstellen.<\/p>\n\n\n\n<p class=\"has-text-align-center\"><a href=\"mailto:1.Vorsitzender@eintracht-walheim.de\">Sprechen Sie uns an !<\/a><\/p>\n","protected":false},"excerpt":{"rendered":"<p>Sport steht f\u00fcr Emotionen und ber\u00fchrt Menschen weltweit. Diese emotionalen Momente bleiben in den K\u00f6pfen der Menschen und schaffen Erinnerungen. F\u00fcr Marken ist dies ein ideales Umfeld, denn die Emotionalit\u00e4t f\u00e4rbt auf die Marke ab, der sogenannte Imagetransfer. Neben konventionellen Sponsoring-Ma\u00dfnahmen bieten wir auch verst\u00e4rkt Online-Werbedienste an. Aus einem umfangreichen Sortiment k\u00f6nne wir Ihnen ein individuelles auf Ihre Bed\u00fcrfnisse abgestimmtes Paket zusammenstellen. Sprechen Sie uns an !<\/p>\n","protected":false},"author":1,"featured_media":0,"parent":0,"menu_order":0,"comment_status":"closed","ping_status":"closed","template":"","meta":{"footnotes":""},"class_list":["post-237","page","type-page","status-publish","hentry"],"_links":{"self":[{"href":"https:\/\/eintracht-walheim.de\/index.php?rest_route=\/wp\/v2\/pages\/237","targetHints":{"allow":["GET"]}}],"collection":[{"href":"https:\/\/eintracht-walheim.de\/index.php?rest_route=\/wp\/v2\/pages"}],"about":[{"href":"https:\/\/eintracht-walheim.de\/index.php?rest_route=\/wp\/v2\/types\/page"}],"author":[{"embeddable":true,"href":"https:\/\/eintracht-walheim.de\/index.php?rest_route=\/wp\/v2\/users\/1"}],"replies":[{"embeddable":true,"href":"https:\/\/eintracht-walheim.de\/index.php?rest_route=%2Fwp%2Fv2%2Fcomments&post=237"}],"version-history":[{"count":4,"href":"https:\/\/eintracht-walheim.de\/index.php?rest_route=\/wp\/v2\/pages\/237\/revisions"}],"predecessor-version":[{"id":396,"href":"https:\/\/eintracht-walheim.de\/index.php?rest_route=\/wp\/v2\/pages\/237\/revisions\/396"}],"wp:attachment":[{"href":"https:\/\/eintracht-walheim.de\/index.php?rest_route=%2Fwp%2Fv2%2Fmedia&parent=237"}],"curies":[{"name":"wp","href":"https:\/\/api.w.org\/{rel}","templated":true}]}}