{"id":186,"date":"2021-08-02T19:35:24","date_gmt":"2021-08-02T19:35:24","guid":{"rendered":"https:\/\/eintracht-walheim.de\/?page_id=186"},"modified":"2024-09-30T20:31:24","modified_gmt":"2024-09-30T18:31:24","slug":"vorstand","status":"publish","type":"page","link":"https:\/\/eintracht-walheim.de\/?page_id=186","title":{"rendered":"Vorstand"},"content":{"rendered":"\n<p><strong>Ehrenvorsitzender<\/strong>:<\/p>\n\n\n\n<p class=\"has-text-align-left\">Berthold Lorbach<\/p>\n\n\n\n<hr class=\"wp-block-separator has-css-opacity\"\/>\n\n\n\n<p><strong>Gesch\u00e4tsf\u00fchrender Vorstand: <\/strong><\/p>\n\n\n\n<p class=\"has-text-align-left\"><strong>1. Vorsitzender:<\/strong><\/p>\n\n\n\n<p class=\"has-text-align-left\">Engelbert Heck<\/p>\n\n\n\n<p class=\"has-text-align-left\">Mobil: 49 163 3152027<\/p>\n\n\n\n<p class=\"has-text-align-left\"><a href=\"mailto: 1.Vorsitzender@eintracht-walheim.de\">1.Vorsitzender@eintracht-walheim.de<\/a><\/p>\n\n\n\n<p><\/p>\n\n\n\n<p class=\"has-text-align-left\"><strong>Gesch\u00e4ftsf\u00fchrer:<\/strong><\/p>\n\n\n\n<p class=\"has-text-align-left\">Yaschar Jamali<\/p>\n\n\n\n<p class=\"has-text-align-left\">Mobil: 49 178 6632003<\/p>\n\n\n\n<p class=\"has-text-align-left\"><a href=\"Mailto: geschaeftsfuehrer@eintracht-walheim.de \">info@eintracht-walheim.de <\/a><\/p>\n\n\n\n<p><\/p>\n\n\n\n<p class=\"has-text-align-left\"><strong>Schatzmeisterin:<\/strong><\/p>\n\n\n\n<p class=\"has-text-align-left\">Nicole Ullrich<\/p>\n\n\n\n<p class=\"has-text-align-left\">Mobil: 49 151 59840767<\/p>\n\n\n\n<p class=\"has-text-align-left\"><a href=\"mailto:schatzmeisterin@eintracht-walheim.de\">schatzmeisterin@eintracht-walheim.de<\/a><\/p>\n\n\n\n<hr class=\"wp-block-separator has-css-opacity\"\/>\n\n\n\n<p><strong>Erweiterter Vorstand:<\/strong><\/p>\n\n\n\n<p><strong>Stellvertretende Vorsitzende:<\/strong><\/p>\n\n\n\n<p>Andreas Prang<\/p>\n\n\n\n<p>Tel.: 49 170 9324191 \u00a0\u00a0\u00a0\u00a0\u00a0\u00a0 \u00a0<\/p>\n\n\n\n<p>Dieter Otto<\/p>\n\n\n\n<p> Tel.: 49 2471 8395<\/p>\n\n\n\n<p><strong>Abteilungsleiter Karate:<\/strong><\/p>\n\n\n\n<p>Rita Nagel<\/p>\n\n\n\n<p>Tel.: 49 241 921165 &nbsp; <\/p>\n\n\n\n<p><\/p>\n\n\n\n<p><strong>Sportlicher Leiter:<\/strong><\/p>\n\n\n\n<p>Manfred K\u00f6ster<\/p>\n\n\n\n<p>Mobil: 49 177 5037862 &nbsp;<\/p>\n\n\n\n<p><\/p>\n\n\n\n<p><strong>Referent f\u00fcr Presse- und \u00d6ffentlichkeitsarbeit:<\/strong><\/p>\n\n\n\n<p>Wolfgang Hellebrandt <\/p>\n\n\n\n<p>Mobil: 49 178 3243589<\/p>\n\n\n\n<p><\/p>\n\n\n\n<p><strong>Referent f\u00fcr Freizeit- und Breitensport:<\/strong><\/p>\n\n\n\n<p>Franz Josef Dudaczyk<\/p>\n\n\n\n<p>Mobil: 49 163 9180073<\/p>\n\n\n\n<p><\/p>\n\n\n\n<p><strong>Jugendleiter:<\/strong><\/p>\n\n\n\n<p>Helmut Otto<\/p>\n\n\n\n<p>Mobil: 49 2471 132464 &nbsp;<\/p>\n\n\n\n<p><\/p>\n\n\n\n<p><strong>Kassierer:<\/strong><\/p>\n\n\n\n<p>Werner Elbracht<\/p>\n\n\n\n<p>Tel.: 49 2408 9296203 &nbsp;<\/p>\n\n\n\n<hr class=\"wp-block-separator has-css-opacity\"\/>\n\n\n\n<p><strong>Sonstige Mitarbeiter:<\/strong><\/p>\n\n\n\n<p><strong>Mitgliederverwaltung<\/strong><\/p>\n\n\n\n<p>Andreas Heinen<\/p>\n\n\n\n<p>Schwinningstra\u00dfe 9<\/p>\n\n\n\n<p>52076 Aachen<\/p>\n\n\n\n<p>Tel.: 49 157 73527346<\/p>\n\n\n\n<p><\/p>\n\n\n\n<p><strong>Vereinsarzt<\/strong>:<\/p>\n\n\n\n<p>Dr. A. Cruz<\/p>\n\n\n\n<p>Arzt f\u00fcr Chirurgie und Sportmedizin<\/p>\n\n\n\n<p>Hauptstra\u00dfe 88<\/p>\n\n\n\n<p>52146 W\u00fcrselen<\/p>\n\n\n\n<p>Tel.: 49 2405 73078<\/p>\n\n\n\n<p><\/p>\n\n\n\n<p><strong>Justitiar:<\/strong><\/p>\n\n\n\n<p>RA Eberhard B\u00fcchel<\/p>\n\n\n\n<p>Pr\u00e4mienstr. 56<\/p>\n\n\n\n<p>52076 Aachen<\/p>\n\n\n\n<p>Tel.: 49 2408 9298190<\/p>\n\n\n\n<p>Fax: 49 2408 9298192<\/p>\n\n\n\n<hr class=\"wp-block-separator has-css-opacity\"\/>\n\n\n\n<p><strong>Sonstige Daten<\/strong>:<\/p>\n\n\n\n<p><strong>Konten des Vereins<\/strong>:<\/p>\n\n\n\n<p>Sparkasse Aachen<\/p>\n\n\n\n<p>IBAN DE46390500000003462850<\/p>\n\n\n\n<p>BIC AACSDE33XXX<\/p>\n\n\n\n<p><\/p>\n\n\n\n<p>Aachener Bank eG, Gesch.-St. Walheim<\/p>\n\n\n\n<p>IBAN DE74390601801000874015<\/p>\n\n\n\n<p>BIC GENODED1AAC<\/p>\n\n\n\n<p><\/p>\n\n\n\n<p><strong>Konto f\u00fcr Mitgliedsbeitr\u00e4ge<\/strong>:<\/p>\n\n\n\n<p>Sparkasse Aachen<\/p>\n\n\n\n<p>IBAN DE26390500000003461852<\/p>\n\n\n\n<p>BIC AACSDE33XXX<\/p>\n","protected":false},"excerpt":{"rendered":"<p>Ehrenvorsitzender: Berthold Lorbach Gesch\u00e4tsf\u00fchrender Vorstand: 1. Vorsitzender: Engelbert Heck Mobil: 49 163 3152027 1.Vorsitzender@eintracht-walheim.de Gesch\u00e4ftsf\u00fchrer: Yaschar Jamali Mobil: 49 178 6632003 info@eintracht-walheim.de Schatzmeisterin: Nicole Ullrich Mobil: 49 151 59840767 schatzmeisterin@eintracht-walheim.de Erweiterter Vorstand: Stellvertretende Vorsitzende: Andreas Prang Tel.: 49 170 9324191 \u00a0\u00a0\u00a0\u00a0\u00a0\u00a0 \u00a0 Dieter Otto Tel.: 49 2471 8395 Abteilungsleiter Karate: Rita Nagel Tel.: 49 241 921165 &nbsp; Sportlicher Leiter: Manfred K\u00f6ster Mobil: 49 177 5037862 &nbsp; Referent f\u00fcr Presse- und \u00d6ffentlichkeitsarbeit: Wolfgang Hellebrandt Mobil: 49 178 3243589 Referent f\u00fcr Freizeit-&#8230;<\/p>\n<p class=\"read-more\"><a class=\"btn btn-default\" href=\"https:\/\/eintracht-walheim.de\/?page_id=186\">Weiterlesen<span class=\"screen-reader-text\"> Weiterlesen<\/span><\/a><\/p>\n","protected":false},"author":1,"featured_media":0,"parent":0,"menu_order":0,"comment_status":"closed","ping_status":"closed","template":"","meta":{"footnotes":""},"class_list":["post-186","page","type-page","status-publish","hentry"],"_links":{"self":[{"href":"https:\/\/eintracht-walheim.de\/index.php?rest_route=\/wp\/v2\/pages\/186","targetHints":{"allow":["GET"]}}],"collection":[{"href":"https:\/\/eintracht-walheim.de\/index.php?rest_route=\/wp\/v2\/pages"}],"about":[{"href":"https:\/\/eintracht-walheim.de\/index.php?rest_route=\/wp\/v2\/types\/page"}],"author":[{"embeddable":true,"href":"https:\/\/eintracht-walheim.de\/index.php?rest_route=\/wp\/v2\/users\/1"}],"replies":[{"embeddable":true,"href":"https:\/\/eintracht-walheim.de\/index.php?rest_route=%2Fwp%2Fv2%2Fcomments&post=186"}],"version-history":[{"count":16,"href":"https:\/\/eintracht-walheim.de\/index.php?rest_route=\/wp\/v2\/pages\/186\/revisions"}],"predecessor-version":[{"id":1365,"href":"https:\/\/eintracht-walheim.de\/index.php?rest_route=\/wp\/v2\/pages\/186\/revisions\/1365"}],"wp:attachment":[{"href":"https:\/\/eintracht-walheim.de\/index.php?rest_route=%2Fwp%2Fv2%2Fmedia&parent=186"}],"curies":[{"name":"wp","href":"https:\/\/api.w.org\/{rel}","templated":true}]}}